{"id":112,"date":"2009-12-03T08:33:19","date_gmt":"2009-12-03T07:33:19","guid":{"rendered":"http:\/\/www.urlaub-auf-moenchgut.de\/wp\/?page_id=112"},"modified":"2022-10-07T12:26:24","modified_gmt":"2022-10-07T10:26:24","slug":"preise-und-saisonzeiten","status":"publish","type":"page","link":"https:\/\/www.urlaub-auf-moenchgut.de\/?page_id=112","title":{"rendered":"Preise &#8211; Lindenhof Gro\u00df-Zicker"},"content":{"rendered":"<p>Leider k\u00f6nnen wir Ihnen momentan keine Preisliste f\u00fcr unsere wundersch\u00f6nen Ferienwohnungen zur Verf\u00fcgung stellen.<br \/>\nDie angespannte Lage auf dem Energiemarkt bedeutet f\u00fcr uns auch die Kosten der Ferienwohnungen bei Bedarf anzuspassen.<\/p>\n<p>Bitte stellen Sie Ihre Anfrage bzgl. Buchungszeitraum und Geb\u00fchren telefonisch oder per Mail.<\/p>\n<p>Wir sagen Danke f\u00fcr Ihr Verst\u00e4ndnis.<\/p>\n<p><img loading=\"lazy\" decoding=\"async\" width=\"450\" height=\"30\" class=\"alignnone size-full wp-image-675\" title=\"border\" src=\"http:\/\/www.urlaub-auf-moenchgut.de\/wp-content\/uploads\/2009\/12\/border.jpg\" alt=\"border\" srcset=\"https:\/\/www.urlaub-auf-moenchgut.de\/wp-content\/uploads\/2009\/12\/border.jpg 450w, https:\/\/www.urlaub-auf-moenchgut.de\/wp-content\/uploads\/2009\/12\/border-300x20.jpg 300w\" sizes=\"auto, (max-width: 450px) 100vw, 450px\" \/><\/p>\n<p>Karin und Klaus-Dieter M\u00fcller<br \/>\nBoddenstra\u00dfe 40<br \/>\nInsel R\u00fcgen<br \/>\n18586 Gro\u00df-Zicker<\/p>\n<p>Telefon: + 49 3 83 08 \u2013 3 00 80<br \/>\nTelefax: + 49 3 83 08 \u2013 3 48 47<br \/>\nE-Mail: info@urlaub-auf-moenchgut.de<\/p>\n","protected":false},"excerpt":{"rendered":"<p>Leider k\u00f6nnen wir Ihnen momentan keine Preisliste f\u00fcr unsere wundersch\u00f6nen Ferienwohnungen zur Verf\u00fcgung stellen. Die angespannte Lage auf dem Energiemarkt bedeutet f\u00fcr uns auch die Kosten der Ferienwohnungen bei Bedarf anzuspassen. Bitte stellen Sie Ihre Anfrage bzgl. Buchungszeitraum und Geb\u00fchren<\/p>\n","protected":false},"author":2,"featured_media":0,"parent":110,"menu_order":510,"comment_status":"closed","ping_status":"open","template":"","meta":{"ngg_post_thumbnail":0,"footnotes":""},"class_list":["post-112","page","type-page","status-publish","hentry"],"_links":{"self":[{"href":"https:\/\/www.urlaub-auf-moenchgut.de\/index.php?rest_route=\/wp\/v2\/pages\/112","targetHints":{"allow":["GET"]}}],"collection":[{"href":"https:\/\/www.urlaub-auf-moenchgut.de\/index.php?rest_route=\/wp\/v2\/pages"}],"about":[{"href":"https:\/\/www.urlaub-auf-moenchgut.de\/index.php?rest_route=\/wp\/v2\/types\/page"}],"author":[{"embeddable":true,"href":"https:\/\/www.urlaub-auf-moenchgut.de\/index.php?rest_route=\/wp\/v2\/users\/2"}],"replies":[{"embeddable":true,"href":"https:\/\/www.urlaub-auf-moenchgut.de\/index.php?rest_route=%2Fwp%2Fv2%2Fcomments&post=112"}],"version-history":[{"count":60,"href":"https:\/\/www.urlaub-auf-moenchgut.de\/index.php?rest_route=\/wp\/v2\/pages\/112\/revisions"}],"predecessor-version":[{"id":1918,"href":"https:\/\/www.urlaub-auf-moenchgut.de\/index.php?rest_route=\/wp\/v2\/pages\/112\/revisions\/1918"}],"up":[{"embeddable":true,"href":"https:\/\/www.urlaub-auf-moenchgut.de\/index.php?rest_route=\/wp\/v2\/pages\/110"}],"wp:attachment":[{"href":"https:\/\/www.urlaub-auf-moenchgut.de\/index.php?rest_route=%2Fwp%2Fv2%2Fmedia&parent=112"}],"curies":[{"name":"wp","href":"https:\/\/api.w.org\/{rel}","templated":true}]}}