{"id":1252,"date":"2012-05-14T15:49:40","date_gmt":"2012-05-14T13:49:40","guid":{"rendered":"http:\/\/www.urlaub-auf-moenchgut.de\/?page_id=1252"},"modified":"2014-08-19T17:14:39","modified_gmt":"2014-08-19T15:14:39","slug":"link-partner","status":"publish","type":"page","link":"https:\/\/www.urlaub-auf-moenchgut.de\/?page_id=1252","title":{"rendered":"Link-Partner"},"content":{"rendered":"<p><a title=\"Grafik-Art-Store\" href=\"http:\/\/www.grafik-art-store.de\" target=\"_blank\">Grafik-Art-Store<\/a> &#8211; Webdesign, Printprodukte, Grafik<\/p>\n<p><a title=\"R\u00fcgen einfach buchen\" href=\"http:\/\/www.ruegen-einfach-buchen.de\" target=\"_blank\">R\u00fcgen-einfach-buchen<\/a> &#8211; Buchungsportal f\u00fcr den R\u00fcgenurlauber<\/p>\n<p><a title=\"BestFewo\" href=\"http:\/\/www.bestfewo.de\/ferien\/ruegen.html\" target=\"_blank\">BestFewo<\/a> &#8211; Buchungsportal f\u00fcr Deutschlandurlauber<\/p>\n","protected":false},"excerpt":{"rendered":"<p>Grafik-Art-Store &#8211; Webdesign, Printprodukte, Grafik R\u00fcgen-einfach-buchen &#8211; Buchungsportal f\u00fcr den R\u00fcgenurlauber BestFewo &#8211; Buchungsportal f\u00fcr Deutschlandurlauber<\/p>\n","protected":false},"author":2,"featured_media":0,"parent":404,"menu_order":10000,"comment_status":"closed","ping_status":"open","template":"","meta":{"ngg_post_thumbnail":0,"footnotes":""},"class_list":["post-1252","page","type-page","status-publish","hentry"],"_links":{"self":[{"href":"https:\/\/www.urlaub-auf-moenchgut.de\/index.php?rest_route=\/wp\/v2\/pages\/1252","targetHints":{"allow":["GET"]}}],"collection":[{"href":"https:\/\/www.urlaub-auf-moenchgut.de\/index.php?rest_route=\/wp\/v2\/pages"}],"about":[{"href":"https:\/\/www.urlaub-auf-moenchgut.de\/index.php?rest_route=\/wp\/v2\/types\/page"}],"author":[{"embeddable":true,"href":"https:\/\/www.urlaub-auf-moenchgut.de\/index.php?rest_route=\/wp\/v2\/users\/2"}],"replies":[{"embeddable":true,"href":"https:\/\/www.urlaub-auf-moenchgut.de\/index.php?rest_route=%2Fwp%2Fv2%2Fcomments&post=1252"}],"version-history":[{"count":5,"href":"https:\/\/www.urlaub-auf-moenchgut.de\/index.php?rest_route=\/wp\/v2\/pages\/1252\/revisions"}],"predecessor-version":[{"id":1420,"href":"https:\/\/www.urlaub-auf-moenchgut.de\/index.php?rest_route=\/wp\/v2\/pages\/1252\/revisions\/1420"}],"up":[{"embeddable":true,"href":"https:\/\/www.urlaub-auf-moenchgut.de\/index.php?rest_route=\/wp\/v2\/pages\/404"}],"wp:attachment":[{"href":"https:\/\/www.urlaub-auf-moenchgut.de\/index.php?rest_route=%2Fwp%2Fv2%2Fmedia&parent=1252"}],"curies":[{"name":"wp","href":"https:\/\/api.w.org\/{rel}","templated":true}]}}