{"id":412,"date":"2010-01-22T10:26:49","date_gmt":"2010-01-22T09:26:49","guid":{"rendered":"http:\/\/www.urlaub-auf-moenchgut.de\/wp\/?page_id=412"},"modified":"2022-10-07T12:38:13","modified_gmt":"2022-10-07T10:38:13","slug":"anreisetipps","status":"publish","type":"page","link":"https:\/\/www.urlaub-auf-moenchgut.de\/?page_id=412","title":{"rendered":"Anreisetipps nach R\u00fcgen und Gro\u00df-Zicker:"},"content":{"rendered":"<p><a href=\"http:\/\/www.urlaub-auf-moenchgut.de\/wp-content\/uploads\/2010\/01\/anreise-berlin.jpg\"><img loading=\"lazy\" decoding=\"async\" width=\"150\" height=\"150\" class=\"size-thumbnail wp-image-446 alignleft\" style=\"border: 1px solid #f5ba5e; margin: 0px 6px;\" title=\"anreise-berlin\" src=\"http:\/\/www.urlaub-auf-moenchgut.de\/wp-content\/uploads\/2010\/01\/anreise-berlin-150x150.jpg\" alt=\"anreise-berlin\"><\/a>Aus Richtung Berlin \u2026 \u00fcber die A24 Richtung Rostock bis Autobahndreieck Wittstock. Hier weiter auf der A19 bis Autobahnkreuz Rostock. Weiter auf die neuerbaute A20 Richtung Stralsund\/R\u00fcgen fahren. Am Autobahndreieck \u201cB96n R\u00fcgenzubringer\u201d hinter Grimmen auf den vierspurigen R\u00fcgenzubringer abfahren, auf diesem gelangen Sie bis zum R\u00fcgendamm in Stralsund. \u00dcber die neue R\u00fcgenbr\u00fccke auf die Insel R\u00fcgen weiterfahren. Auf der B 96 fahren Sie hier einfach weiter Richtung Bergen, kurz vor Bergen rechts auf die B 196 in Richtung Binz\/G\u00f6hren abbiegen und \u00fcber die Ostseeb\u00e4der Sellin und Baabe bis nach Lobbe fahren. Hinter Lobbe geht es dann rechts nach Gro\u00df Zicker ab. Bitte in Gro\u00df Zicker immer auf der Dorfstra\u00dfe bis zur Hausnummer 40b (kurz hinter dem Pfarrwitwenhaus) fahren. <a href=\"http:\/\/www.urlaub-auf-moenchgut.de\/wp-content\/uploads\/2010\/01\/anreise-hamburg.jpg\"><img loading=\"lazy\" decoding=\"async\" width=\"150\" height=\"150\" class=\"size-thumbnail wp-image-447 alignleft\" style=\"border: 1px solid #f5ba5e; margin: 0px 6px;\" title=\"anreise-hamburg\" src=\"http:\/\/www.urlaub-auf-moenchgut.de\/wp-content\/uploads\/2010\/01\/anreise-hamburg-150x150.jpg\" alt=\"anreise-hamburg\"><\/a>Aus Richtung Hamburg \u2026\u00fcber die A1 bis Autobahnkreuz L\u00fcbeck. Dort auf die neuerbaute A20&nbsp;auffahren. Am Autobahndreieck \u201cB96n R\u00fcgenzubringer\u201d hinter Grimmen auf den vierspurigen R\u00fcgenzubringer abfahren, auf diesem gelangen Sie bis zum R\u00fcgendamm in Stralsund. \u00dcber die neue R\u00fcgenbr\u00fccke auf die Insel R\u00fcgen weiterfahren. Auf der B 96 fahren Sie hier einfach weiter Richtung Bergen, kurz vor Bergen rechts auf die B 196 in Richtung Binz\/G\u00f6hren abbiegen und \u00fcber die Ostseeb\u00e4der Sellin und Baabe bis nach Lobbe fahren. Hinter Lobbe geht es dann rechts nach Gro\u00df Zicker ab. Bitte in Gro\u00df Zicker immer auf der Dorfstra\u00dfe bis zur Hausnummer 40b (kurz hinter dem Pfarrwitwenhaus) fahren. <span style=\"text-decoration: underline;\">Vorsicht \u2013 Geschwindigkeits\u00fcberwachung<\/span><\/p>\n<ul>\n<li>hinter dem Ortseingang Samtens auf der B 96.<\/li>\n<li>auf der B 196 hinter dem Seramser Berg, kurz vor dem Abzweig nach Putbus.<\/li>\n<li>in der Ortsdurchfahrt Lancken-Granitz<\/li>\n<\/ul>\n<p><span style=\"text-decoration: underline;\">Glewitzer F\u00e4hre vom Festland auf die Insel R\u00fcgen<\/span><\/p>\n<p><a href=\"http:\/\/www.urlaub-auf-moenchgut.de\/wp-content\/uploads\/2010\/01\/faehre-glewitz.jpg\"><img loading=\"lazy\" decoding=\"async\" width=\"150\" height=\"150\" class=\"size-thumbnail wp-image-449 alignnone\" style=\"border: 1px solid #f5ba5e; margin: 0px 6px;\" title=\"faehre-glewitz\" src=\"http:\/\/www.urlaub-auf-moenchgut.de\/wp-content\/uploads\/2010\/01\/faehre-glewitz-150x150.jpg\" alt=\"faehre-glewitz\"><\/a> <a href=\"http:\/\/www.urlaub-auf-moenchgut.de\/wp-content\/uploads\/2010\/01\/glewitz-faehre.jpg\"><img loading=\"lazy\" decoding=\"async\" width=\"150\" height=\"150\" class=\"size-thumbnail wp-image-450 alignnone\" style=\"border: 1px solid #f5ba5e; margin: 0px 6px;\" title=\"glewitz-faehre\" src=\"http:\/\/www.urlaub-auf-moenchgut.de\/wp-content\/uploads\/2010\/01\/glewitz-faehre-150x150.jpg\" alt=\"glewitz-faehre\"><\/a><\/p>\n<p style=\"text-align: left;\">[&#8230;weitere Infos zu den Abfahrzeiten und Geb\u00fchren finden Sie <a title=\"Glewitzer F\u00e4hre\" href=\"http:\/\/www.weisse-flotte.de\" target=\"_blank\" rel=\"noopener\"><strong>hier<\/strong><\/a>]<\/p>\n","protected":false},"excerpt":{"rendered":"<p>Aus Richtung Berlin \u2026 \u00fcber die A24 Richtung Rostock bis Autobahndreieck Wittstock. Hier weiter auf der A19 bis Autobahnkreuz Rostock. Weiter auf die neuerbaute A20 Richtung Stralsund\/R\u00fcgen fahren. Am Autobahndreieck \u201cB96n R\u00fcgenzubringer\u201d hinter Grimmen auf den vierspurigen R\u00fcgenzubringer abfahren, auf<\/p>\n","protected":false},"author":2,"featured_media":0,"parent":404,"menu_order":930,"comment_status":"closed","ping_status":"open","template":"","meta":{"ngg_post_thumbnail":0,"footnotes":""},"class_list":["post-412","page","type-page","status-publish","hentry"],"_links":{"self":[{"href":"https:\/\/www.urlaub-auf-moenchgut.de\/index.php?rest_route=\/wp\/v2\/pages\/412","targetHints":{"allow":["GET"]}}],"collection":[{"href":"https:\/\/www.urlaub-auf-moenchgut.de\/index.php?rest_route=\/wp\/v2\/pages"}],"about":[{"href":"https:\/\/www.urlaub-auf-moenchgut.de\/index.php?rest_route=\/wp\/v2\/types\/page"}],"author":[{"embeddable":true,"href":"https:\/\/www.urlaub-auf-moenchgut.de\/index.php?rest_route=\/wp\/v2\/users\/2"}],"replies":[{"embeddable":true,"href":"https:\/\/www.urlaub-auf-moenchgut.de\/index.php?rest_route=%2Fwp%2Fv2%2Fcomments&post=412"}],"version-history":[{"count":7,"href":"https:\/\/www.urlaub-auf-moenchgut.de\/index.php?rest_route=\/wp\/v2\/pages\/412\/revisions"}],"predecessor-version":[{"id":1923,"href":"https:\/\/www.urlaub-auf-moenchgut.de\/index.php?rest_route=\/wp\/v2\/pages\/412\/revisions\/1923"}],"up":[{"embeddable":true,"href":"https:\/\/www.urlaub-auf-moenchgut.de\/index.php?rest_route=\/wp\/v2\/pages\/404"}],"wp:attachment":[{"href":"https:\/\/www.urlaub-auf-moenchgut.de\/index.php?rest_route=%2Fwp%2Fv2%2Fmedia&parent=412"}],"curies":[{"name":"wp","href":"https:\/\/api.w.org\/{rel}","templated":true}]}}