{"id":494,"date":"2010-01-23T15:25:01","date_gmt":"2010-01-23T14:25:01","guid":{"rendered":"http:\/\/www.urlaub-auf-moenchgut.de\/wp\/?page_id=494"},"modified":"2010-08-16T21:21:06","modified_gmt":"2010-08-16T19:21:06","slug":"monchgut","status":"publish","type":"page","link":"https:\/\/www.urlaub-auf-moenchgut.de\/?page_id=494","title":{"rendered":"Halbinsel M\u00f6nchgut"},"content":{"rendered":"<p style=\"text-align: justify;\"><a href=\"http:\/\/www.urlaub-auf-moenchgut.de\/wp-content\/uploads\/2010\/01\/hawing.jpg\"><img loading=\"lazy\" decoding=\"async\" width=\"150\" height=\"150\" class=\"size-thumbnail wp-image-838 alignleft\" style=\"border: 1px solid #f5ba5e; margin: 0px 6px;\" title=\"hawing\" src=\"http:\/\/www.urlaub-auf-moenchgut.de\/wp-content\/uploads\/2010\/01\/hawing-150x150.jpg\" alt=\"hawing\" \/><\/a>Die Halbinsel M\u00f6nchgut ist nur etwa 28 Quadratkilometer gro\u00df, verf\u00fcgt aber \u00fcber rund 50 Kilometer K\u00fcste. Die Str\u00e4nde geh\u00f6ren zu den sch\u00f6nsten an der gesamten Ostsee. Die Weite der Landschaft wird Sie bei einer Wanderung faszinieren, besonders durch die fantastische Aussicht auf Boddengew\u00e4sser und Halbinseln. Zeugnisse menschlicher Siedlung und Kultur sind allgegenw\u00e4rtig und reichen von Gro\u00dfsteingr\u00e4bern der Jungsteinzeit \u00fcber die bronzezeitlichen H\u00fcgelgr\u00e4ber, die slawischen Burgw\u00e4lle, die mittelalterlichen Kirchen und Dorfstrukturen, den Klassizismus und die B\u00e4derarchitektur bis in die Moderne. Die spektakul\u00e4re Natur des R\u00fcgener K\u00fcstenraumes wird hier besonders durch die tiefe Verzahnung von Land und Meer gekennzeichnet. Breite Sandstr\u00e4nde wechseln sich mit schroffen Steilk\u00fcsten ab. Halbinseln und K\u00fcstenvorspr\u00fcnge werden durch Boddengew\u00e4sser und Wieken voneinander getrennt. Inmitten dieser herrlichen Landschaft k\u00f6nnen Sie traumhafte Sonnenunterg\u00e4nge erleben, die Stille genie\u00dfen und sich von der urspr\u00fcnglichen Natur verzaubern lassen.<\/p>\n<p style=\"text-align: justify;\"><a href=\"http:\/\/www.urlaub-auf-moenchgut.de\/wp-content\/uploads\/2010\/01\/wanderwege.jpg\"><img loading=\"lazy\" decoding=\"async\" width=\"150\" height=\"150\" class=\"size-thumbnail wp-image-860 alignleft\" style=\"border: 1px solid #f5ba5e; margin: 0px 6px;\" title=\"wanderwege\" src=\"http:\/\/www.urlaub-auf-moenchgut.de\/wp-content\/uploads\/2010\/01\/wanderwege-150x150.jpg\" alt=\"wanderwege\" \/><\/a>Zum <strong>Wandern<\/strong> eignet sich sehr gut das direkt vor unserer Haust\u00fcr liegende <strong>Naturschutzgebiet Zicker Berg<\/strong>. Es geh\u00f6rt zum Biosph\u00e4renreservat S\u00fcdost-R\u00fcgen, das die UNESCO 1990 mit Recht unter ihren besonderen Schutz stellte. Kaum bewaldet, kommt die h\u00fcgelige Landschaft hier besonders gut zur Geltung. Ein gut beschilderter Wanderweg f\u00fchrt Sie durch Hochweiden entlang dem Ufer der Hagenschen Wiek. Atemberaubende Ausblicke und die ungew\u00f6hnliche Natur machen die Wanderung so einzigartig. Das besondere regionale Klima im Sommer verwandelt das Gebiet in eine steppen\u00e4hnliche Landschaft. Wer hier die Augen schlie\u00dft denkt er ist im Mittelmeer. Im Trockenrasen zirpen die Zikaden und es duftet nach wild wachsendem Oregano.<\/p>\n<p style=\"text-align: justify;\"><a href=\"http:\/\/www.urlaub-auf-moenchgut.de\/wp-content\/uploads\/2010\/01\/reddevitz-landschaft.jpg\"><img loading=\"lazy\" decoding=\"async\" width=\"150\" height=\"150\" class=\"size-thumbnail wp-image-843 alignleft\" style=\"border: 1px solid #f5ba5e; margin: 0px 6px;\" title=\"reddevitz-landschaft\" src=\"http:\/\/www.urlaub-auf-moenchgut.de\/wp-content\/uploads\/2010\/01\/reddevitz-landschaft-150x150.jpg\" alt=\"reddevitz-landschaft\" \/><\/a>Der h\u00fcbsche Ort <strong>Alt-Reddevitz<\/strong> besteht aus kleinen Katen und Rohrdachh\u00e4usern. Hinter dem charmanten Ortskern f\u00fchrt eine kleine Stra\u00dfe auf R\u00fcgens l\u00e4ngste und schmalste Halbinsel, dem Reddevitzer H\u00f6ft.<br \/>\nLinks und rechts umrahmt vom Boddengew\u00e4sser der Having und der Hagenschen Wiek reicht das Reddevitzer H\u00f6ft wie ein ausgestreckter Finger, tief in den Greifswalder Bodden hinein. Das Meer so unmittelbar und gleich von zwei Seiten, macht die Strecke f\u00fcr Wanderungen zu Fu\u00df oder mit dem Rad so \u00fcberaus reizvoll.<\/p>\n<p style=\"text-align: justify;\"><a href=\"http:\/\/www.urlaub-auf-moenchgut.de\/wp-content\/uploads\/2010\/01\/hawing1.jpg\"><img loading=\"lazy\" decoding=\"async\" width=\"150\" height=\"150\" class=\"size-thumbnail wp-image-841 alignleft\" style=\"border: 1px solid #f5ba5e; margin: 0px 6px;\" title=\"hawing1\" src=\"http:\/\/www.urlaub-auf-moenchgut.de\/wp-content\/uploads\/2010\/01\/hawing1-150x150.jpg\" alt=\"hawing1\" \/><\/a>Die sch\u00f6nste <strong>Wanderung<\/strong> beginnt in G\u00f6hren. Es geht durch die Baaber Heide in Richtung Herzogsgrab, das mit seinen 4000 Jahren zu den \u00e4ltesten Gro\u00dfsteingr\u00e4bern auf der Insel geh\u00f6rt. Vom <strong>Herzogsgrab<\/strong> geht man in Richtung Having. Bei sch\u00f6nem Wetter hat man einen wundersch\u00f6nen Ausblick auf das aus dem Granitzer Wald ragende Jagdschloss Granitz. Der Weg f\u00fchrt durch die Ginster Heide &#8211; ein Naturdenkmal mit der gr\u00f6\u00dften zusammenh\u00e4ngenden Heidefl\u00e4che R\u00fcgens &#8211; nach Alt-Reddevitz. Man durchquert den kleinen Ort und kommt direkt zum Reddevitzer H\u00f6ft.<\/p>\n<p style=\"text-align: justify;\"><a href=\"http:\/\/www.urlaub-auf-moenchgut.de\/wp-content\/uploads\/2010\/01\/lotsenturm.jpg\"><img loading=\"lazy\" decoding=\"async\" width=\"150\" height=\"150\" class=\"size-thumbnail wp-image-861 alignleft\" style=\"border: 1px solid #f5ba5e; margin: 0px 6px;\" title=\"lotsenturm\" src=\"http:\/\/www.urlaub-auf-moenchgut.de\/wp-content\/uploads\/2010\/01\/lotsenturm-150x150.jpg\" alt=\"lotsenturm\" \/><\/a>Auch von <strong>Thiessow<\/strong> dem s\u00fcdlichsten Ort auf der Halbinsel M\u00f6nchgut, l\u00e4sst sich die einzigartige Landschaft zu Fu\u00df sehr gut erkunden. Bekannt ist das vertr\u00e4umte Seebad bereits seit dem Jahre 1360. Das Fischerdorf wurde nach der Einf\u00fchrung der Lotsenpflicht 1632 zur Hauptstation der Seelotsen. Die kleine Lotsenstation auf dem S\u00fcdperd erinnert an ihre Arbeit. Das S\u00fcdperd erhebt sich 36 Meter \u00fcber dem Meeresspiegel. Von hier aus hat man einen wunderbaren Ausblick \u00fcber den gesamten Bodden, zur Greifswalder Oie, den Inseln Ruden und Usedom sowie zum Festland.<\/p>\n<p style=\"text-align: justify;\">Folgende Kurzwanderungen verschaffen Ihnen ebenfalls einen gro\u00dfartigen Einblick in die herrliche Landschaft.<\/p>\n<p style=\"text-align: justify;\"><strong><a href=\"http:\/\/www.urlaub-auf-moenchgut.de\/wp-content\/uploads\/2010\/01\/blick-lotsenturm.jpg\"><img loading=\"lazy\" decoding=\"async\" width=\"150\" height=\"150\" class=\"size-thumbnail wp-image-833 alignleft\" style=\"border: 1px solid #f5ba5e; margin: 0px 6px;\" title=\"blick-lotsenturm\" src=\"http:\/\/www.urlaub-auf-moenchgut.de\/wp-content\/uploads\/2010\/01\/blick-lotsenturm-150x150.jpg\" alt=\"blick-lotsenturm\" \/><\/a><\/strong><strong>Wanderung zum Lotsenberg (ca. 1,5 km): <\/strong>Von der Bushaltestelle am Feuerwehrgeb\u00e4ude zum Oststrand, bis zur Schutzmauer am S\u00fcdperd, zur\u00fcck zum Lotsenberg mit Lotsenwachturm (der bestiegen werden kann), zum Aussichtsplateau \u201eKleiner K\u00f6nigsstuhl\u201c und abschlie\u00dfend an den G\u00e4rten vorbei zum Ort.<\/p>\n<p style=\"text-align: justify;\"><strong>Wanderung nach Klein Zicker (ca. 4 km):<\/strong> Entlang der Dorfstra\u00dfe zum Thiessower Haken, weiter \u00fcber den Waldweg zum Anlandeplatz der Fischer, \u00fcber den Deichweg nach Klein Zicker, am Surfplatz vorbei, den Strand entlang, um die Steilk\u00fcste herum zum Ortseingang.<\/p>\n<p style=\"text-align: justify;\"><a href=\"http:\/\/www.urlaub-auf-moenchgut.de\/wp-content\/uploads\/2010\/01\/radwandern.jpg\"><img loading=\"lazy\" decoding=\"async\" width=\"150\" height=\"150\" class=\"size-thumbnail wp-image-836 alignleft\" style=\"border: 1px solid #f5ba5e; margin: 0px 6px;\" title=\"radwandern\" src=\"http:\/\/www.urlaub-auf-moenchgut.de\/wp-content\/uploads\/2010\/01\/radwandern-150x150.jpg\" alt=\"radwandern\" \/><\/a>\u00dcbrigens wurden gerade in den letzten Jahren zahlreiche Fahrradwege auf M\u00f6nchgut neu angelegt. Und der \u00f6rtliche Personennahverkehr bef\u00f6rdert G\u00e4ste und ihre R\u00e4der \u00fcber die ganze Insel. Einer sch\u00f6nen und erlebnisreichen Radtour steht also nichts im Wege!<\/p>\n<p><img loading=\"lazy\" decoding=\"async\" width=\"100\" height=\"100\" class=\"alignnone size-full wp-image-200\" style=\"border: 0pt none;\" title=\"blind\" src=\"http:\/\/www.urlaub-auf-moenchgut.de\/wp-content\/uploads\/2009\/12\/blind.gif\" alt=\"blind\" \/><\/p>\n","protected":false},"excerpt":{"rendered":"<p>Die Halbinsel M\u00f6nchgut ist nur etwa 28 Quadratkilometer gro\u00df, verf\u00fcgt aber \u00fcber rund 50 Kilometer K\u00fcste. Die Str\u00e4nde geh\u00f6ren zu den sch\u00f6nsten an der gesamten Ostsee. Die Weite der Landschaft wird Sie bei einer Wanderung faszinieren, besonders durch die fantastische<\/p>\n","protected":false},"author":2,"featured_media":0,"parent":116,"menu_order":730,"comment_status":"closed","ping_status":"open","template":"","meta":{"ngg_post_thumbnail":0,"footnotes":""},"class_list":["post-494","page","type-page","status-publish","hentry"],"_links":{"self":[{"href":"https:\/\/www.urlaub-auf-moenchgut.de\/index.php?rest_route=\/wp\/v2\/pages\/494","targetHints":{"allow":["GET"]}}],"collection":[{"href":"https:\/\/www.urlaub-auf-moenchgut.de\/index.php?rest_route=\/wp\/v2\/pages"}],"about":[{"href":"https:\/\/www.urlaub-auf-moenchgut.de\/index.php?rest_route=\/wp\/v2\/types\/page"}],"author":[{"embeddable":true,"href":"https:\/\/www.urlaub-auf-moenchgut.de\/index.php?rest_route=\/wp\/v2\/users\/2"}],"replies":[{"embeddable":true,"href":"https:\/\/www.urlaub-auf-moenchgut.de\/index.php?rest_route=%2Fwp%2Fv2%2Fcomments&post=494"}],"version-history":[{"count":2,"href":"https:\/\/www.urlaub-auf-moenchgut.de\/index.php?rest_route=\/wp\/v2\/pages\/494\/revisions"}],"predecessor-version":[{"id":1141,"href":"https:\/\/www.urlaub-auf-moenchgut.de\/index.php?rest_route=\/wp\/v2\/pages\/494\/revisions\/1141"}],"up":[{"embeddable":true,"href":"https:\/\/www.urlaub-auf-moenchgut.de\/index.php?rest_route=\/wp\/v2\/pages\/116"}],"wp:attachment":[{"href":"https:\/\/www.urlaub-auf-moenchgut.de\/index.php?rest_route=%2Fwp%2Fv2%2Fmedia&parent=494"}],"curies":[{"name":"wp","href":"https:\/\/api.w.org\/{rel}","templated":true}]}}