{"id":499,"date":"2010-01-23T15:42:40","date_gmt":"2010-01-23T14:42:40","guid":{"rendered":"http:\/\/www.urlaub-auf-moenchgut.de\/wp\/?page_id=499"},"modified":"2010-08-16T21:17:42","modified_gmt":"2010-08-16T19:17:42","slug":"gros-zicker","status":"publish","type":"page","link":"https:\/\/www.urlaub-auf-moenchgut.de\/?page_id=499","title":{"rendered":"Urlaubsort Gro\u00df-Zicker"},"content":{"rendered":"<p style=\"text-align: justify;\"><a href=\"http:\/\/www.urlaub-auf-moenchgut.de\/wp-content\/uploads\/2009\/12\/gross-zicker-w1.jpg\"><img loading=\"lazy\" decoding=\"async\" width=\"150\" height=\"150\" class=\"size-thumbnail wp-image-470 alignleft\" style=\"border: 1px solid #f5ba5e; margin: 0px 6px;\" title=\"gross-zicker-w1\" src=\"http:\/\/www.urlaub-auf-moenchgut.de\/wp-content\/uploads\/2009\/12\/gross-zicker-w1-150x150.jpg\" alt=\"gross-zicker-w1\" \/><\/a>Ihr Urlaubsort Gro\u00df-Zocker ist eines der sch\u00f6nsten und \u00e4ltesten Fischerd\u00f6rfer R\u00fcgens, in welchem sich Traditionen und Br\u00e4uche weitestgehend erhalten haben, so dass man heute von einem Museum spricht. Er sieht genauso aus, wie sich G\u00e4ste ein altes Fischerdorf vorstellen: Kleine rohr- bzw. reetgedeckte Bauernh\u00e4user, ein Fischerhafen, eine Backsteinkirche f\u00fcr Seemannsleute, die auf einem Fundament gro\u00dfer Findlinge steht, und nat\u00fcrlich die Einheimischen, denen typisch norddeutsch kein Stress dieser Welt etwas anhaben kann.<\/p>\n<p style=\"text-align: justify;\"><strong><a href=\"http:\/\/www.urlaub-auf-moenchgut.de\/wp-content\/uploads\/2010\/01\/pfarrwittwenhaus-1.jpg\"><img loading=\"lazy\" decoding=\"async\" width=\"150\" height=\"150\" class=\"size-thumbnail wp-image-736 alignleft\" style=\"border: 1px solid #f5ba5e; margin: 0px 6px;\" title=\"pfarrwittwenhaus-1\" src=\"http:\/\/www.urlaub-auf-moenchgut.de\/wp-content\/uploads\/2010\/01\/pfarrwittwenhaus-1-150x150.jpg\" alt=\"pfarrwittwenhaus-1\" \/><\/a><\/strong>Gro\u00df Zicker ist ein kleiner, seit dem 12. Jahrhundert bestehender Ort welcher am &#8222;Zicker See&#8220; gelegen ist. Der Ortsname ist vom slawischen &#8222;Sikor&#8220; abgeleitet und bedeutet soviel wie &#8222;Meisenort&#8220;. Ein gro\u00dfer Teil der alten H\u00e4user steht komplett unter <strong>Denkmalschutz<\/strong> und erfreut heute jeden Besucher. Das bekannteste Geb\u00e4ude d\u00fcrfte das alte\u00a0<strong>Pfarrwitwenhaus<\/strong>, ein Lehmfachwerkhaus aus dem Jahre 1723, sein, dessen weit ausladendes Rohrdach fast den Boden ber\u00fchrt. Diese ungew\u00f6hnliche Bauart wurde durch nieders\u00e4chsische Einwanderer im 12.Jh. eingef\u00fchrt und ist heute unter dem Namen Zuckerhutstil bekannt. Es ist ein typisches niederdeutsches Hallenhaus und z\u00e4hlt zu den \u00e4ltesten auf R\u00fcgen erhalten gebliebenen H\u00e4usern. Heute kann es als Museum besucht werden. Im Sommer finden hier regelm\u00e4\u00dfig Lesungen und Konzerte statt.<\/p>\n<p style=\"text-align: justify;\"><a href=\"http:\/\/www.urlaub-auf-moenchgut.de\/wp-content\/uploads\/2009\/12\/gross-zicker-w2.jpg\"><img loading=\"lazy\" decoding=\"async\" width=\"150\" height=\"150\" class=\"size-thumbnail wp-image-471 alignleft\" style=\"border: 1px solid #f5ba5e; margin: 0px 6px;\" title=\"gross-zicker-w2\" src=\"http:\/\/www.urlaub-auf-moenchgut.de\/wp-content\/uploads\/2009\/12\/gross-zicker-w2-150x150.jpg\" alt=\"gross-zicker-w2\" \/><\/a>Ein weiteres historisches Baudenkmal ist die <strong>sp\u00e4tgotische Backsteinkirche<\/strong> (ca. 1360 erbaut) mit ihren bemerkenswerten bunten Glasfenstern. Zu den Sehensw\u00fcrdigkeiten dieser Kirche geh\u00f6ren weiterhin ein ca. 500 Jahre alter Sakramentsschrein, der aus einem Eichenstamm gehauen wurde; und ein Radleuchter in der Mitte der Kirche. Dieser ist ein Geschenk der Lotsen von Thiessow aus dem Jahre 1868. In Gro\u00df Zicker gibt es einen kleinen <strong>Fischereihafen<\/strong>, wo es Ihnen ganz bestimmt m\u00f6glich ist, frisch ger\u00e4ucherten Fisch aus der R\u00e4uchertonne zu erwerben.<\/p>\n<p style=\"text-align: justify;\"><a href=\"http:\/\/www.urlaub-auf-moenchgut.de\/wp-content\/uploads\/2010\/01\/bakenberg.jpg\"><img loading=\"lazy\" decoding=\"async\" width=\"150\" height=\"150\" class=\"size-thumbnail wp-image-739 alignleft\" style=\"border: 1px solid #f5ba5e; margin: 0px 6px;\" title=\"bakenberg\" src=\"http:\/\/www.urlaub-auf-moenchgut.de\/wp-content\/uploads\/2010\/01\/bakenberg-150x150.jpg\" alt=\"bakenberg\" \/><\/a>Vom direkt neben Gro\u00df-Zicker gelegenen <strong>M\u00f6nchguter Backenberg<\/strong> hat man \u00fcbrigens einen einzigartigen Rundblick auf vom Wasser umgebene naturbelassene Wiesen, Felder und baumbedeckte H\u00e4nge, sowie auf die Orte Klein-Zicker, Thiessow, Gager und das Alt-Reddevitzer H\u00f6ft. Sie liegen alle auf der sch\u00f6nen Halbinsel M\u00f6nchgut, die wir Ihnen nun mit einigen Wandertipps auf der <a title=\"Das M\u00f6nchgut---Wandertipps\" href=\"?page_id=494\"><span style=\"text-decoration: underline;\">n\u00e4chsten Seite<\/span><\/a> noch n\u00e4her vorstellen m\u00f6chten.<\/p>\n","protected":false},"excerpt":{"rendered":"<p>Ihr Urlaubsort Gro\u00df-Zocker ist eines der sch\u00f6nsten und \u00e4ltesten Fischerd\u00f6rfer R\u00fcgens, in welchem sich Traditionen und Br\u00e4uche weitestgehend erhalten haben, so dass man heute von einem Museum spricht. Er sieht genauso aus, wie sich G\u00e4ste ein altes Fischerdorf vorstellen: Kleine<\/p>\n","protected":false},"author":2,"featured_media":0,"parent":116,"menu_order":720,"comment_status":"closed","ping_status":"open","template":"","meta":{"ngg_post_thumbnail":0,"footnotes":""},"class_list":["post-499","page","type-page","status-publish","hentry"],"_links":{"self":[{"href":"https:\/\/www.urlaub-auf-moenchgut.de\/index.php?rest_route=\/wp\/v2\/pages\/499","targetHints":{"allow":["GET"]}}],"collection":[{"href":"https:\/\/www.urlaub-auf-moenchgut.de\/index.php?rest_route=\/wp\/v2\/pages"}],"about":[{"href":"https:\/\/www.urlaub-auf-moenchgut.de\/index.php?rest_route=\/wp\/v2\/types\/page"}],"author":[{"embeddable":true,"href":"https:\/\/www.urlaub-auf-moenchgut.de\/index.php?rest_route=\/wp\/v2\/users\/2"}],"replies":[{"embeddable":true,"href":"https:\/\/www.urlaub-auf-moenchgut.de\/index.php?rest_route=%2Fwp%2Fv2%2Fcomments&post=499"}],"version-history":[{"count":4,"href":"https:\/\/www.urlaub-auf-moenchgut.de\/index.php?rest_route=\/wp\/v2\/pages\/499\/revisions"}],"predecessor-version":[{"id":1136,"href":"https:\/\/www.urlaub-auf-moenchgut.de\/index.php?rest_route=\/wp\/v2\/pages\/499\/revisions\/1136"}],"up":[{"embeddable":true,"href":"https:\/\/www.urlaub-auf-moenchgut.de\/index.php?rest_route=\/wp\/v2\/pages\/116"}],"wp:attachment":[{"href":"https:\/\/www.urlaub-auf-moenchgut.de\/index.php?rest_route=%2Fwp%2Fv2%2Fmedia&parent=499"}],"curies":[{"name":"wp","href":"https:\/\/api.w.org\/{rel}","templated":true}]}}