{"id":90,"date":"2009-11-29T19:05:13","date_gmt":"2009-11-29T18:05:13","guid":{"rendered":"http:\/\/www.urlaub-auf-moenchgut.de\/wp\/?page_id=90"},"modified":"2022-10-07T12:34:13","modified_gmt":"2022-10-07T10:34:13","slug":"home","status":"publish","type":"page","link":"https:\/\/www.urlaub-auf-moenchgut.de\/","title":{"rendered":"Herzlich Willkommen"},"content":{"rendered":"<div id=\"pl-90\"  class=\"panel-layout\" ><div id=\"pg-90-0\"  class=\"panel-grid panel-no-style\" ><div id=\"pgc-90-0-0\"  class=\"panel-grid-cell\" ><div id=\"panel-90-0-0-0\" class=\"so-panel widget widget_sow-editor panel-first-child panel-last-child\" data-index=\"0\" ><div\n\t\t\t\n\t\t\tclass=\"so-widget-sow-editor so-widget-sow-editor-base\"\n\t\t\t\n\t\t><h3 class=\"widget-title\">Herzliche Willkommen<\/h3>\n<div class=\"siteorigin-widget-tinymce textwidget\">\n\t<p><strong>.. auf dem Lindenhof in Gro\u00df-Zicker auf R\u00fcgen!<\/strong><a href=\"http:\/\/www.urlaub-auf-moenchgut.de\/wp-content\/uploads\/2009\/11\/see-lindenhof-ruegen.jpg\"><img loading=\"lazy\" decoding=\"async\" class=\"size-medium wp-image-239 alignleft\" style=\"border: 1px solid #f5ba5e; margin: 20px 20px;\" title=\"Bodden auf dem M\u00f6nchgut\" src=\"http:\/\/www.urlaub-auf-moenchgut.de\/wp-content\/uploads\/2009\/11\/see-lindenhof-ruegen-300x225.jpg\" alt=\"see-lindenhof-ruegen\" width=\"300\" height=\"225\" srcset=\"https:\/\/www.urlaub-auf-moenchgut.de\/wp-content\/uploads\/2009\/11\/see-lindenhof-ruegen-300x225.jpg 300w, https:\/\/www.urlaub-auf-moenchgut.de\/wp-content\/uploads\/2009\/11\/see-lindenhof-ruegen.jpg 900w\" sizes=\"auto, (max-width: 300px) 100vw, 300px\" \/><\/a><\/p>\n<p style=\"text-align: justify;\">Unser Lindenhof Gro\u00df-Zicker liegt sehr sch\u00f6n auf der idyllischen Halbinsel M\u00f6nchgut. Der traditionelle Dreiseitenbauernhof ist schon seit vielen Generationen im Familienbesitz und auch die Gastfreundschaft zu&nbsp; den Urlaubern geh\u00f6rt zur Tradition in unserer Familie.<\/p>\n<p style=\"text-align: justify;\">Nur ca. 2 km vom feinsandigen Badestrand an der Ostsee entfernt, befindet sich unser Lindenhof inmitten des UNESCO-Biosph\u00e4renreservats S\u00fcd-Ost-R\u00fcgen mit viel urspr\u00fcnglicher Natur.<br \/>\nHier stehen sehr ruhig und naturnah gelegen, zwei rohrgedeckte Ferienh\u00e4user mit je drei Appartements ganzj\u00e4hrig zur Verf\u00fcgung.<\/p>\n<p style=\"text-align: justify;\">Auf unserem Grundst\u00fcck gibt es f\u00fcr Kinder viel Platz, einen kleinen Spielplatz sowie H\u00fchner und Tauben.<\/p>\n<p style=\"text-align: justify;\">Auf den weiteren Seiten unserer Homepage m\u00f6chten wir Ihnen die Vorz\u00fcge und Annehmlichkeiten im Lindenhof n\u00e4her vorstellen. Wir w\u00fcrden uns sehr freuen, Sie als Gast bei uns begr\u00fc\u00dfen zu k\u00f6nnen. Gern senden wir Ihnen auf Wunsch ein unverbindliches Angebot zu!<\/p>\n<p style=\"text-align: justify;\">Ihre Familie Karin und Klaus-Dieter M\u00fcller<\/p>\n<\/div>\n<\/div><\/div><\/div><\/div><\/div>","protected":false},"excerpt":{"rendered":"<p>.. auf dem Lindenhof in Gro\u00df-Zicker auf R\u00fcgen! Unser Lindenhof Gro\u00df-Zicker liegt sehr sch\u00f6n auf der idyllischen Halbinsel M\u00f6nchgut. Der traditionelle Dreiseitenbauernhof ist schon seit vielen Generationen im Familienbesitz und auch die Gastfreundschaft zu&nbsp; den Urlaubern geh\u00f6rt zur Tradition in<\/p>\n","protected":false},"author":2,"featured_media":0,"parent":0,"menu_order":2,"comment_status":"closed","ping_status":"open","template":"","meta":{"ngg_post_thumbnail":0,"footnotes":""},"class_list":["post-90","page","type-page","status-publish","hentry"],"_links":{"self":[{"href":"https:\/\/www.urlaub-auf-moenchgut.de\/index.php?rest_route=\/wp\/v2\/pages\/90","targetHints":{"allow":["GET"]}}],"collection":[{"href":"https:\/\/www.urlaub-auf-moenchgut.de\/index.php?rest_route=\/wp\/v2\/pages"}],"about":[{"href":"https:\/\/www.urlaub-auf-moenchgut.de\/index.php?rest_route=\/wp\/v2\/types\/page"}],"author":[{"embeddable":true,"href":"https:\/\/www.urlaub-auf-moenchgut.de\/index.php?rest_route=\/wp\/v2\/users\/2"}],"replies":[{"embeddable":true,"href":"https:\/\/www.urlaub-auf-moenchgut.de\/index.php?rest_route=%2Fwp%2Fv2%2Fcomments&post=90"}],"version-history":[{"count":15,"href":"https:\/\/www.urlaub-auf-moenchgut.de\/index.php?rest_route=\/wp\/v2\/pages\/90\/revisions"}],"predecessor-version":[{"id":1921,"href":"https:\/\/www.urlaub-auf-moenchgut.de\/index.php?rest_route=\/wp\/v2\/pages\/90\/revisions\/1921"}],"wp:attachment":[{"href":"https:\/\/www.urlaub-auf-moenchgut.de\/index.php?rest_route=%2Fwp%2Fv2%2Fmedia&parent=90"}],"curies":[{"name":"wp","href":"https:\/\/api.w.org\/{rel}","templated":true}]}}